{"id":3,"date":"2021-04-26T09:59:27","date_gmt":"2021-04-26T07:59:27","guid":{"rendered":"https:\/\/distracted-heisenberg.89-188-76-17.plesk.page\/?page_id=3"},"modified":"2025-10-07T16:16:51","modified_gmt":"2025-10-07T14:16:51","slug":"privatlivspolitik","status":"publish","type":"page","link":"https:\/\/xn--mitfrerne-j3a3r.dk\/en\/privatlivspolitik\/","title":{"rendered":"Privatlivspolitik"},"content":{"rendered":"<p>[et_pb_section fb_built=&#8221;1&#8243; _builder_version=&#8221;4.27.4&#8243; hover_enabled=&#8221;0&#8243; global_colors_info=&#8221;{}&#8221; background_color=&#8221;#efeee1&#8243; sticky_enabled=&#8221;0&#8243;][et_pb_row _builder_version=&#8221;4.16&#8243; background_size=&#8221;initial&#8221; background_position=&#8221;top_left&#8221; background_repeat=&#8221;repeat&#8221; global_colors_info=&#8221;{}&#8221;][et_pb_column type=&#8221;4_4&#8243; _builder_version=&#8221;4.16&#8243; custom_padding=&#8221;|||&#8221; global_colors_info=&#8221;{}&#8221; custom_padding__hover=&#8221;|||&#8221;][et_pb_text _builder_version=&#8221;4.27.4&#8243; background_size=&#8221;initial&#8221; background_position=&#8221;top_left&#8221; background_repeat=&#8221;repeat&#8221; global_colors_info=&#8221;{}&#8221;]<\/p>\n<p><!-- divi:heading --><\/p>\n<h1>Privatlivs- og cookiepolitik for Succesn\u00f8glen<\/h1>\n<p>Hos Succesn\u00f8glen tager vi dit privatliv alvorligt. Denne politik beskriver, hvordan vi indsamler, anvender og beskytter dine personoplysninger, n\u00e5r du bes\u00f8ger vores hjemmeside <span style=\"color: #000000;\"><a href=\"https:\/\/xn--mitfrerne-j3a3r.dk\">https:\/\/xn--mitfrerne-j3a3r.dk<\/a><\/span>, eller n\u00e5r du benytter vores ydelser i Danmark og p\u00e5 F\u00e6r\u00f8erne.<\/p>\n<p>&nbsp;<\/p>\n<p><!-- \/divi:paragraph --><!-- divi:heading --><\/p>\n<h2>Behandling af personoplysninger<\/h2>\n<p>I forbindelse med din kontakt med Succesn\u00f8glen kan vi indsamle og behandle f\u00f8lgende personoplysninger:<\/p>\n<ul>\n<li>Navn \/ firmanavn<\/li>\n<li>Adresse<\/li>\n<li>E-mailadresse<\/li>\n<li>Telefonnummer<\/li>\n<li>CVR-nummer (hvis relevant)<\/li>\n<li>Betalingsoplysninger<\/li>\n<\/ul>\n<p>Oplysningerne behandles med det form\u00e5l at kunne levere vores tjenester og overholde g\u00e6ldende regnskabslovgivning, som kr\u00e6ver, at vi opbevarer regnskabsmateriale i fem \u00e5r. Herefter slettes oplysningerne.<\/p>\n<p>Hvis du har bestilt tjenester, som kr\u00e6ver fakturering, kan dine oplysninger blive delt med relevante samarbejdspartnere.<\/p>\n<p>Hvis testen er rekvireret af en virksomhed, deles dine testresultater med dig, din leder og virksomheden. Er du privatperson, deles resultaterne udelukkende med dig. Alle TT38 Talent Tests gennemf\u00f8res via Succesn\u00f8glens egen platform, som er tildelt af Talents Unlimited, og hostet p\u00e5 en sikker server i Danmark.<\/p>\n<p><!-- \/divi:paragraph --><!-- divi:heading --><\/p>\n<p>&nbsp;<\/p>\n<h2>Henvendelser via hjemmesiden<\/h2>\n<p>N\u00e5r du kontakter os via hjemmesiden, f.eks. gennem en kontaktformular, indsamler vi dit navn og din e-mailadresse for at kunne besvare din henvendelse effektivt. Disse oplysninger gemmes i Succesn\u00f8glens systemer, herunder vores CRM-system, og anvendes udelukkende til behandling af din foresp\u00f8rgsel.<\/p>\n<p><!-- \/divi:paragraph --><!-- divi:heading --><\/p>\n<p>&nbsp;<\/p>\n<h2>Retsgrundlag for behandling<\/h2>\n<p>Vi behandler dine personoplysninger i overensstemmelse med g\u00e6ldende lovgivning i de omr\u00e5der, hvor vi opererer \u2013 herunder:<\/p>\n<ul>\n<li>Databeskyttelsesforordningen (GDPR) i Danmark<\/li>\n<li>L\u00f3g um vernd av pers\u00f3nuppl\u00fdsingum (f\u00e6r\u00f8sk databeskyttelseslov) p\u00e5 F\u00e6r\u00f8erne<\/li>\n<\/ul>\n<p>Behandlingen sker p\u00e5 baggrund af samtykke, kontraktforhold eller for at opfylde en retlig forpligtelse.<\/p>\n<p>&nbsp;<\/p>\n<p><!-- \/divi:paragraph --><!-- divi:heading --><\/p>\n<h2>Datasikkerhed<\/h2>\n<p>Vi beskytter dine personoplysninger med passende tekniske og organisatoriske sikkerhedsforanstaltninger for at forhindre uautoriseret adgang, \u00e6ndring, offentligg\u00f8relse eller anden uretm\u00e6ssig behandling. Dine oplysninger behandles altid fortroligt og i overensstemmelse med g\u00e6ldende databeskyttelseslovgivning.<\/p>\n<p>&nbsp;<\/p>\n<p><!-- \/divi:paragraph --><!-- divi:heading --><\/p>\n<h2>Dine rettigheder<\/h2>\n<p>Du har til enhver tid ret til:<\/p>\n<ul>\n<li>Indsigt i, hvilke personoplysninger vi har registreret om dig<\/li>\n<li>At f\u00e5 rettet urigtige eller for\u00e6ldede oplysninger<\/li>\n<li>At f\u00e5 dine oplysninger udleveret i et struktureret, almindeligt anvendt format (dataportabilitet)<\/li>\n<li>At g\u00f8re indsigelse mod behandlingen eller anmode om sletning<\/li>\n<\/ul>\n<p>&nbsp;<\/p>\n<p><!-- \/divi:paragraph --><!-- divi:heading --><\/p>\n<h2>Sletning af personoplysninger<\/h2>\n<p>Personoplysninger opbevares kun, s\u00e5 l\u00e6nge det er n\u00f8dvendigt i forhold til form\u00e5let med behandlingen. Hvis du anmoder om sletning af dine oplysninger, vil dette blive im\u00f8dekommet, medmindre der foreligger en saglig grund til fortsat opbevaring i overensstemmelse med g\u00e6ldende lovgivning og vores interne retningslinjer.<\/p>\n<p>&nbsp;<\/p>\n<p><!-- \/divi:paragraph --><!-- divi:heading --><\/p>\n<h2>Cookiepolitik<\/h2>\n<p>Succesn\u00f8glens hjemmeside anvender cookies til at indsamle data, der hj\u00e6lper os med at forbedre og tilpasse indhold og funktionalitet. N\u00e5r du bes\u00f8ger hjemmesiden, registreres oplysninger som enhedstype, browserversion og trafikm\u00f8nstre.<\/p>\n<p>Disse data indsamles anonymt og bruges til at udarbejde rapporter, der analyserer brugeradf\u00e6rd og optimerer brugeroplevelsen. Du kan til enhver tid \u00e6ndre dine cookieindstillinger via din browser eller vores cookie-banner.<\/p>\n<p>&nbsp;<\/p>\n<p><!-- \/divi:paragraph --><!-- divi:heading --><\/p>\n<h2>Klage<\/h2>\n<p>Hvis du \u00f8nsker at klage over vores behandling af dine personoplysninger, kan du kontakte:<\/p>\n<p>Datatilsynet (Danmark)<br \/>Borgergade 28, 5. sal<br \/>1300 K\u00f8benhavn K<br \/>Tlf.: +45 33 19 32 00<br \/>E-mail: dt@datatilsynet.dk<br \/>Web: <a href=\"http:\/\/www.datatilsynet.dk\">www.datatilsynet.dk<\/a><\/p>\n<p>Eller<\/p>\n<p>D\u00e1tueftirliti\u00f0 (F\u00e6r\u00f8erne)<br \/>Hoyv\u00edksvegur 67<br \/>FO-100 T\u00f3rshavn<br \/>Tlf.: +298 309100<br \/>E-mail: dat@dat.fo<br \/>Web: <a href=\"http:\/\/www.dat.fo\">www.dat.fo<\/a><\/p>\n<p>&nbsp;<\/p>\n<h2>Kontakt os<\/h2>\n<p>Succesn\u00f8glen<br \/>Roskildevej 21E, 3600 Frederikssund<br \/>Tlf.: +45 28 447 445<br \/>E-mail: info@xn--mitfrerne-j3a3r.dk<\/p>\n<p>Denne politik er senest opdateret den 03.03.2025<\/p>\n<p>Vi forbeholder os retten til at \u00e6ndre denne politik. \u00c6ndringer offentligg\u00f8res p\u00e5 denne side<\/p>\n<p><!-- \/divi:paragraph --><\/p>\n<p>[\/et_pb_text][\/et_pb_column][\/et_pb_row][\/et_pb_section]<\/p>\n","protected":false},"excerpt":{"rendered":"<p>Privatlivs- og cookiepolitik for Succesn\u00f8glen Hos Succesn\u00f8glen tager vi dit privatliv alvorligt. Denne politik beskriver, hvordan vi indsamler, anvender og beskytter dine personoplysninger, n\u00e5r du bes\u00f8ger vores hjemmeside https:\/\/xn--mitfrerne-j3a3r.dk, eller n\u00e5r du benytter vores ydelser i Danmark og p\u00e5 F\u00e6r\u00f8erne. &nbsp; Behandling af personoplysninger I forbindelse med din kontakt med Succesn\u00f8glen kan vi indsamle og behandle f\u00f8lgende personoplysninger: Navn \/ firmanavn Adresse E-mailadresse Telefonnummer CVR-nummer (hvis relevant) Betalingsoplysninger Oplysningerne behandles med det form\u00e5l at kunne levere vores tjenester og overholde g\u00e6ldende regnskabslovgivning, som kr\u00e6ver, at vi opbevarer regnskabsmateriale i fem \u00e5r. Herefter slettes oplysningerne. Hvis du har bestilt tjenester, som kr\u00e6ver fakturering, kan dine oplysninger blive delt med relevante samarbejdspartnere. Hvis testen er rekvireret af en virksomhed, deles dine testresultater med dig, din leder og virksomheden. Er du privatperson, deles resultaterne udelukkende med dig. Alle TT38 Talent Tests gennemf\u00f8res via Succesn\u00f8glens egen platform, som er tildelt af Talents Unlimited, og hostet p\u00e5 en sikker server i Danmark. &nbsp; Henvendelser via hjemmesiden N\u00e5r du kontakter os via hjemmesiden, f.eks. gennem en kontaktformular, indsamler vi dit navn og din e-mailadresse for at kunne besvare din henvendelse effektivt. Disse oplysninger gemmes i Succesn\u00f8glens systemer, herunder vores CRM-system, og anvendes udelukkende til behandling af [&hellip;]<\/p>\n","protected":false},"author":7,"featured_media":0,"parent":0,"menu_order":0,"comment_status":"closed","ping_status":"closed","template":"","meta":{"_et_pb_use_builder":"on","_et_pb_old_content":"<!-- wp:heading --><h2>Hvem er vi<\/h2><!-- \/wp:heading --><!-- wp:paragraph --><p><strong class=\"privacy-policy-tutorial\">Forsl\u00e5et tekst: <\/strong>Vores webstedsadresse er: http:\/\/sidebyg7.offbeatmedia.dk.<\/p><!-- \/wp:paragraph --><!-- wp:heading --><h2>Kommentarer<\/h2><!-- \/wp:heading --><!-- wp:paragraph --><p><strong class=\"privacy-policy-tutorial\">Forsl\u00e5et tekst: <\/strong>N\u00e5r bes\u00f8gende skriver kommentarer p\u00e5 webstedet, indsamler vi de data, som vises i kommentarformularen, og ogs\u00e5 den bes\u00f8gendes IP-adresse og browserens user agent string for at hj\u00e6lpe med at opdage spam.<\/p><!-- \/wp:paragraph --><!-- wp:paragraph --><p>En anonymiseret streng som er oprettet ud fra din e-mailadresse (ogs\u00e5 kaldet et hash), kan leveres til Gravatar tjenesten for at se om du bruger denne. Gravatar tjenestens privatlivspolitik er tilg\u00e6ngelig her: https:\/\/automattic.com\/privacy\/. Efter godkendelse af din kommentar, vil dit profilbillede v\u00e6re synligt for offentligheden sammen med din kommentar.<\/p><!-- \/wp:paragraph --><!-- wp:heading --><h2>Medier<\/h2><!-- \/wp:heading --><!-- wp:paragraph --><p><strong class=\"privacy-policy-tutorial\">Forsl\u00e5et tekst: <\/strong>Hvis du uploader billeder til webstedet, s\u00e5 b\u00f8r du undlade at uploade billeder med indlejrede lokalitetsdata (EXIF GPS) inkluderet. Bes\u00f8gende p\u00e5 webstedet kan downloade og udtr\u00e6kke alle lokalitetsdata fra billeder p\u00e5 webstedet.<\/p><!-- \/wp:paragraph --><!-- wp:heading --><h2>Cookies<\/h2><!-- \/wp:heading --><!-- wp:paragraph --><p><strong class=\"privacy-policy-tutorial\">Forsl\u00e5et tekst: <\/strong>Hvis du skriver en kommentar p\u00e5 vores websted, kan du v\u00e6lge at gemme dit navn, e-mailadresse og websted i cookies. Disse er til din bekvemmeligehed, s\u00e5 du ikke skal udfylde dine oplysninger igen, n\u00e5r du skriver endnu en kommentar. Disse cookies vil holde i et \u00e5r.<\/p><!-- \/wp:paragraph --><!-- wp:paragraph --><p>Hvis du bes\u00f8ger vores loginside, opretter vi en midlertidig cookie for at afg\u00f8re om din browser accepterer cookies. Denne cookie indeholder ingen personlige data og slettes, n\u00e5r du lukker din browser.<\/p><!-- \/wp:paragraph --><!-- wp:paragraph --><p>N\u00e5r du logger ind, vil vi ops\u00e6tte en r\u00e6kke cookies og gemme din logininformation og dine valg af sk\u00e6rmvisning. Login cookies holder i to dage, og sk\u00e6rmvalg cookies holder i et \u00e5r. Hvis du v\u00e6lger &quot;Husk mig&quot;, vil dit login holde i to uger. Hvis du logger ud af din konto, vil login cookierne forsvinde.<\/p><!-- \/wp:paragraph --><!-- wp:paragraph --><p>Hvis du redigerer eller udgiver en artikel, vil en yderligere cookie blive gemt i din browser. Denne cookie indeholder ikke nogle personlige data og opgiver simpelthen indl\u00e6gsID p\u00e5 den artikel, du lige har redigeret. Den udl\u00f8ber efter 1 dag.<\/p><!-- \/wp:paragraph --><!-- wp:heading --><h2>Indlejret indhold fra andre websteder<\/h2><!-- \/wp:heading --><!-- wp:paragraph --><p><strong class=\"privacy-policy-tutorial\">Forsl\u00e5et tekst: <\/strong>Artikler p\u00e5 dette websted kan indeholde indlejret indhold (f.eks. videoer, billeder, artikler osv.). Indlejret indhold fra andre websteder opf\u00f8rer sig p\u00e5 n\u00f8jagtig samme m\u00e5de, som hvis den bes\u00f8gende har bes\u00f8gt det andet websted.<\/p><!-- \/wp:paragraph --><!-- wp:paragraph --><p>Disse websteder indsamler m\u00e5ske data om dig, bruger cookies, indlejrer ekstra tredjeparts sporing, og overv\u00e5ger din interaktion med dette indlejrede indhold, heriblandt at spore din interaktion med indlejret indhold, hvis du har en konto og en logget ind p\u00e5 det websted.<\/p><!-- \/wp:paragraph --><!-- wp:heading --><h2>Hvem vi deler dine data med<\/h2><!-- \/wp:heading --><!-- wp:paragraph --><p><strong class=\"privacy-policy-tutorial\">Forsl\u00e5et tekst: <\/strong>Hvis du anmoder om en nulstilling af adgangskoden, medtages din IP-adresse i e-mailen med nustillingen.<\/p><!-- \/wp:paragraph --><!-- wp:heading --><h2>Hvor l\u00e6nge vi gemmer dine data<\/h2><!-- \/wp:heading --><!-- wp:paragraph --><p><strong class=\"privacy-policy-tutorial\">Forsl\u00e5et tekst: <\/strong>Hvis du skriver en kommentar, s\u00e5 bliver kommentarer og dens metadata bevaret p\u00e5 ubestemt tid. Dette er s\u00e5 vi kan genkende og godkende enhver opf\u00f8lgende kommentar automatisk i stedet for at have dem i en moderationsk\u00f8.<\/p><!-- \/wp:paragraph --><!-- wp:paragraph --><p>For brugere som opretter sig p\u00e5 vores websted (om nogen), gemmer vi ogs\u00e5 den personlige information de giver til deres brugerprofil. Alle brugere kan se, redigere, eller slette deres personlige information til enhver tid (med den undtagelse at de ikke kan \u00e6ndre deres brugernavn). Webstedets administratorer kan ogs\u00e5 se og redigere den information.<\/p><!-- \/wp:paragraph --><!-- wp:heading --><h2>Hvilke rettigheder har du over dine data<\/h2><!-- \/wp:heading --><!-- wp:paragraph --><p><strong class=\"privacy-policy-tutorial\">Forsl\u00e5et tekst: <\/strong>Hvis du har en konto p\u00e5 dette websted, eller har skrevet kommentarer, kan du bede om en eksporteret fil med de personlige data vi har liggende om dig, heriblandt alt data, du har givet os. Du kan ogs\u00e5 bede om, at vi sletter alle personlige data, vi har om dig. Dette indbefatter ikke nogen form for data, som vi er forpligtede til at gemme af administrative, lovm\u00e6ssige eller sikkerhedsm\u00e6ssige grunde.<\/p><!-- \/wp:paragraph --><!-- wp:heading --><h2>Hvor vi sender dine data<\/h2><!-- \/wp:heading --><!-- wp:paragraph --><p><strong class=\"privacy-policy-tutorial\">Forsl\u00e5et tekst: <\/strong>Bes\u00f8gendes kommentarer kan muligvis blive kontrolleret af en automatisk spam-genkendelse tjeneste.<\/p><!-- \/wp:paragraph -->","_et_gb_content_width":"","_price":"","_stock":"","_tribe_ticket_header":"","_tribe_default_ticket_provider":"","_tribe_ticket_capacity":"0","_ticket_start_date":"","_ticket_end_date":"","_tribe_ticket_show_description":"","_tribe_ticket_show_not_going":false,"_tribe_ticket_use_global_stock":"","_tribe_ticket_global_stock_level":"","_global_stock_mode":"","_global_stock_cap":"","_tribe_rsvp_for_event":"","_tribe_ticket_going_count":"","_tribe_ticket_not_going_count":"","_tribe_tickets_list":"[]","_tribe_ticket_has_attendee_info_fields":false,"footnotes":"","_tec_slr_enabled":"","_tec_slr_layout":""},"class_list":["post-3","page","type-page","status-publish","hentry"],"yoast_head":"<!-- This site is optimized with the Yoast SEO plugin v27.5 - https:\/\/yoast.com\/product\/yoast-seo-wordpress\/ -->\n<title>Privatlivspolitik - Mit f\u00e6r\u00f8erne<\/title>\n<meta name=\"robots\" content=\"index, follow, max-snippet:-1, max-image-preview:large, max-video-preview:-1\" \/>\n<link rel=\"canonical\" href=\"https:\/\/xn--mitfrerne-j3a3r.dk\/en\/privatlivspolitik\/\" \/>\n<meta property=\"og:locale\" content=\"en_GB\" \/>\n<meta property=\"og:type\" content=\"article\" \/>\n<meta property=\"og:title\" content=\"Privatlivspolitik - Mit f\u00e6r\u00f8erne\" \/>\n<meta property=\"og:description\" content=\"Privatlivs- og cookiepolitik for Succesn\u00f8glen Hos Succesn\u00f8glen tager vi dit privatliv alvorligt. Denne politik beskriver, hvordan vi indsamler, anvender og beskytter dine personoplysninger, n\u00e5r du bes\u00f8ger vores hjemmeside https:\/\/xn--mitfrerne-j3a3r.dk, eller n\u00e5r du benytter vores ydelser i Danmark og p\u00e5 F\u00e6r\u00f8erne. &nbsp; Behandling af personoplysninger I forbindelse med din kontakt med Succesn\u00f8glen kan vi indsamle og behandle f\u00f8lgende personoplysninger: Navn \/ firmanavn Adresse E-mailadresse Telefonnummer CVR-nummer (hvis relevant) Betalingsoplysninger Oplysningerne behandles med det form\u00e5l at kunne levere vores tjenester og overholde g\u00e6ldende regnskabslovgivning, som kr\u00e6ver, at vi opbevarer regnskabsmateriale i fem \u00e5r. Herefter slettes oplysningerne. Hvis du har bestilt tjenester, som kr\u00e6ver fakturering, kan dine oplysninger blive delt med relevante samarbejdspartnere. Hvis testen er rekvireret af en virksomhed, deles dine testresultater med dig, din leder og virksomheden. Er du privatperson, deles resultaterne udelukkende med dig. Alle TT38 Talent Tests gennemf\u00f8res via Succesn\u00f8glens egen platform, som er tildelt af Talents Unlimited, og hostet p\u00e5 en sikker server i Danmark. &nbsp; Henvendelser via hjemmesiden N\u00e5r du kontakter os via hjemmesiden, f.eks. gennem en kontaktformular, indsamler vi dit navn og din e-mailadresse for at kunne besvare din henvendelse effektivt. Disse oplysninger gemmes i Succesn\u00f8glens systemer, herunder vores CRM-system, og anvendes udelukkende til behandling af [&hellip;]\" \/>\n<meta property=\"og:url\" content=\"https:\/\/xn--mitfrerne-j3a3r.dk\/en\/privatlivspolitik\/\" \/>\n<meta property=\"og:site_name\" content=\"Mit f\u00e6r\u00f8erne\" \/>\n<meta property=\"article:modified_time\" content=\"2025-10-07T14:16:51+00:00\" \/>\n<meta property=\"og:image\" content=\"https:\/\/xn--mitfrerne-j3a3r.dk\/wp-content\/uploads\/2025\/09\/Logo-mit-faeroeerne-e1770820702180.png\" \/>\n\t<meta property=\"og:image:width\" content=\"472\" \/>\n\t<meta property=\"og:image:height\" content=\"300\" \/>\n\t<meta property=\"og:image:type\" content=\"image\/png\" \/>\n<meta name=\"twitter:card\" content=\"summary_large_image\" \/>\n<meta name=\"twitter:label1\" content=\"Estimated reading time\" \/>\n\t<meta name=\"twitter:data1\" content=\"4 minutes\" \/>\n<script type=\"application\/ld+json\" class=\"yoast-schema-graph\">{\"@context\":\"https:\\\/\\\/schema.org\",\"@graph\":[{\"@type\":\"WebPage\",\"@id\":\"https:\\\/\\\/xn--mitfrerne-j3a3r.dk\\\/privatlivspolitik\\\/\",\"url\":\"https:\\\/\\\/xn--mitfrerne-j3a3r.dk\\\/privatlivspolitik\\\/\",\"name\":\"Privatlivspolitik - Mit f\u00e6r\u00f8erne\",\"isPartOf\":{\"@id\":\"https:\\\/\\\/xn--mitfrerne-j3a3r.dk\\\/#website\"},\"datePublished\":\"2021-04-26T07:59:27+00:00\",\"dateModified\":\"2025-10-07T14:16:51+00:00\",\"breadcrumb\":{\"@id\":\"https:\\\/\\\/xn--mitfrerne-j3a3r.dk\\\/privatlivspolitik\\\/#breadcrumb\"},\"inLanguage\":\"en-GB\",\"potentialAction\":[{\"@type\":\"ReadAction\",\"target\":[\"https:\\\/\\\/xn--mitfrerne-j3a3r.dk\\\/privatlivspolitik\\\/\"]}]},{\"@type\":\"BreadcrumbList\",\"@id\":\"https:\\\/\\\/xn--mitfrerne-j3a3r.dk\\\/privatlivspolitik\\\/#breadcrumb\",\"itemListElement\":[{\"@type\":\"ListItem\",\"position\":1,\"name\":\"Hjem\",\"item\":\"https:\\\/\\\/xn--mitfrerne-j3a3r.dk\\\/\"},{\"@type\":\"ListItem\",\"position\":2,\"name\":\"Privatlivspolitik\"}]},{\"@type\":\"WebSite\",\"@id\":\"https:\\\/\\\/xn--mitfrerne-j3a3r.dk\\\/#website\",\"url\":\"https:\\\/\\\/xn--mitfrerne-j3a3r.dk\\\/\",\"name\":\"Mit F\u00e6r\u00f8erne\",\"description\":\"Mit f\u00e6r\u00f8erne hjemmeside\",\"publisher\":{\"@id\":\"https:\\\/\\\/xn--mitfrerne-j3a3r.dk\\\/#\\\/schema\\\/person\\\/f77c5054095744c363311ff67889ce43\"},\"potentialAction\":[{\"@type\":\"SearchAction\",\"target\":{\"@type\":\"EntryPoint\",\"urlTemplate\":\"https:\\\/\\\/xn--mitfrerne-j3a3r.dk\\\/?s={search_term_string}\"},\"query-input\":{\"@type\":\"PropertyValueSpecification\",\"valueRequired\":true,\"valueName\":\"search_term_string\"}}],\"inLanguage\":\"en-GB\"},{\"@type\":[\"Person\",\"Organization\"],\"@id\":\"https:\\\/\\\/xn--mitfrerne-j3a3r.dk\\\/#\\\/schema\\\/person\\\/f77c5054095744c363311ff67889ce43\",\"name\":\"Catrine\",\"image\":{\"@type\":\"ImageObject\",\"inLanguage\":\"en-GB\",\"@id\":\"https:\\\/\\\/xn--mitfrerne-j3a3r.dk\\\/wp-content\\\/uploads\\\/2025\\\/03\\\/Group-182.png\",\"url\":\"https:\\\/\\\/xn--mitfrerne-j3a3r.dk\\\/wp-content\\\/uploads\\\/2025\\\/03\\\/Group-182.png\",\"contentUrl\":\"https:\\\/\\\/xn--mitfrerne-j3a3r.dk\\\/wp-content\\\/uploads\\\/2025\\\/03\\\/Group-182.png\",\"width\":488,\"height\":464,\"caption\":\"Catrine\"},\"logo\":{\"@id\":\"https:\\\/\\\/xn--mitfrerne-j3a3r.dk\\\/wp-content\\\/uploads\\\/2025\\\/03\\\/Group-182.png\"}}]}<\/script>\n<!-- \/ Yoast SEO plugin. -->","yoast_head_json":{"title":"Privatlivspolitik - Mit f\u00e6r\u00f8erne","robots":{"index":"index","follow":"follow","max-snippet":"max-snippet:-1","max-image-preview":"max-image-preview:large","max-video-preview":"max-video-preview:-1"},"canonical":"https:\/\/xn--mitfrerne-j3a3r.dk\/en\/privatlivspolitik\/","og_locale":"en_GB","og_type":"article","og_title":"Privatlivspolitik - Mit f\u00e6r\u00f8erne","og_description":"Privatlivs- og cookiepolitik for Succesn\u00f8glen Hos Succesn\u00f8glen tager vi dit privatliv alvorligt. Denne politik beskriver, hvordan vi indsamler, anvender og beskytter dine personoplysninger, n\u00e5r du bes\u00f8ger vores hjemmeside https:\/\/xn--mitfrerne-j3a3r.dk, eller n\u00e5r du benytter vores ydelser i Danmark og p\u00e5 F\u00e6r\u00f8erne. &nbsp; Behandling af personoplysninger I forbindelse med din kontakt med Succesn\u00f8glen kan vi indsamle og behandle f\u00f8lgende personoplysninger: Navn \/ firmanavn Adresse E-mailadresse Telefonnummer CVR-nummer (hvis relevant) Betalingsoplysninger Oplysningerne behandles med det form\u00e5l at kunne levere vores tjenester og overholde g\u00e6ldende regnskabslovgivning, som kr\u00e6ver, at vi opbevarer regnskabsmateriale i fem \u00e5r. Herefter slettes oplysningerne. Hvis du har bestilt tjenester, som kr\u00e6ver fakturering, kan dine oplysninger blive delt med relevante samarbejdspartnere. Hvis testen er rekvireret af en virksomhed, deles dine testresultater med dig, din leder og virksomheden. Er du privatperson, deles resultaterne udelukkende med dig. Alle TT38 Talent Tests gennemf\u00f8res via Succesn\u00f8glens egen platform, som er tildelt af Talents Unlimited, og hostet p\u00e5 en sikker server i Danmark. &nbsp; Henvendelser via hjemmesiden N\u00e5r du kontakter os via hjemmesiden, f.eks. gennem en kontaktformular, indsamler vi dit navn og din e-mailadresse for at kunne besvare din henvendelse effektivt. Disse oplysninger gemmes i Succesn\u00f8glens systemer, herunder vores CRM-system, og anvendes udelukkende til behandling af [&hellip;]","og_url":"https:\/\/xn--mitfrerne-j3a3r.dk\/en\/privatlivspolitik\/","og_site_name":"Mit f\u00e6r\u00f8erne","article_modified_time":"2025-10-07T14:16:51+00:00","og_image":[{"width":472,"height":300,"url":"https:\/\/xn--mitfrerne-j3a3r.dk\/wp-content\/uploads\/2025\/09\/Logo-mit-faeroeerne-e1770820702180.png","type":"image\/png"}],"twitter_card":"summary_large_image","twitter_misc":{"Estimated reading time":"4 minutes"},"schema":{"@context":"https:\/\/schema.org","@graph":[{"@type":"WebPage","@id":"https:\/\/xn--mitfrerne-j3a3r.dk\/privatlivspolitik\/","url":"https:\/\/xn--mitfrerne-j3a3r.dk\/privatlivspolitik\/","name":"Privatlivspolitik - Mit f\u00e6r\u00f8erne","isPartOf":{"@id":"https:\/\/xn--mitfrerne-j3a3r.dk\/#website"},"datePublished":"2021-04-26T07:59:27+00:00","dateModified":"2025-10-07T14:16:51+00:00","breadcrumb":{"@id":"https:\/\/xn--mitfrerne-j3a3r.dk\/privatlivspolitik\/#breadcrumb"},"inLanguage":"en-GB","potentialAction":[{"@type":"ReadAction","target":["https:\/\/xn--mitfrerne-j3a3r.dk\/privatlivspolitik\/"]}]},{"@type":"BreadcrumbList","@id":"https:\/\/xn--mitfrerne-j3a3r.dk\/privatlivspolitik\/#breadcrumb","itemListElement":[{"@type":"ListItem","position":1,"name":"Hjem","item":"https:\/\/xn--mitfrerne-j3a3r.dk\/"},{"@type":"ListItem","position":2,"name":"Privatlivspolitik"}]},{"@type":"WebSite","@id":"https:\/\/xn--mitfrerne-j3a3r.dk\/#website","url":"https:\/\/xn--mitfrerne-j3a3r.dk\/","name":"Mit F\u00e6r\u00f8erne","description":"Mit f\u00e6r\u00f8erne hjemmeside","publisher":{"@id":"https:\/\/xn--mitfrerne-j3a3r.dk\/#\/schema\/person\/f77c5054095744c363311ff67889ce43"},"potentialAction":[{"@type":"SearchAction","target":{"@type":"EntryPoint","urlTemplate":"https:\/\/xn--mitfrerne-j3a3r.dk\/?s={search_term_string}"},"query-input":{"@type":"PropertyValueSpecification","valueRequired":true,"valueName":"search_term_string"}}],"inLanguage":"en-GB"},{"@type":["Person","Organization"],"@id":"https:\/\/xn--mitfrerne-j3a3r.dk\/#\/schema\/person\/f77c5054095744c363311ff67889ce43","name":"Catrine","image":{"@type":"ImageObject","inLanguage":"en-GB","@id":"https:\/\/xn--mitfrerne-j3a3r.dk\/wp-content\/uploads\/2025\/03\/Group-182.png","url":"https:\/\/xn--mitfrerne-j3a3r.dk\/wp-content\/uploads\/2025\/03\/Group-182.png","contentUrl":"https:\/\/xn--mitfrerne-j3a3r.dk\/wp-content\/uploads\/2025\/03\/Group-182.png","width":488,"height":464,"caption":"Catrine"},"logo":{"@id":"https:\/\/xn--mitfrerne-j3a3r.dk\/wp-content\/uploads\/2025\/03\/Group-182.png"}}]}},"ticketed":false,"_links":{"self":[{"href":"https:\/\/xn--mitfrerne-j3a3r.dk\/en\/wp-json\/wp\/v2\/pages\/3","targetHints":{"allow":["GET"]}}],"collection":[{"href":"https:\/\/xn--mitfrerne-j3a3r.dk\/en\/wp-json\/wp\/v2\/pages"}],"about":[{"href":"https:\/\/xn--mitfrerne-j3a3r.dk\/en\/wp-json\/wp\/v2\/types\/page"}],"author":[{"embeddable":true,"href":"https:\/\/xn--mitfrerne-j3a3r.dk\/en\/wp-json\/wp\/v2\/users\/7"}],"replies":[{"embeddable":true,"href":"https:\/\/xn--mitfrerne-j3a3r.dk\/en\/wp-json\/wp\/v2\/comments?post=3"}],"version-history":[{"count":0,"href":"https:\/\/xn--mitfrerne-j3a3r.dk\/en\/wp-json\/wp\/v2\/pages\/3\/revisions"}],"wp:attachment":[{"href":"https:\/\/xn--mitfrerne-j3a3r.dk\/en\/wp-json\/wp\/v2\/media?parent=3"}],"curies":[{"name":"wp","href":"https:\/\/api.w.org\/{rel}","templated":true}]}}